{"id":5428,"date":"2019-09-12T07:17:57","date_gmt":"2019-09-12T07:17:57","guid":{"rendered":"http:\/\/mistermarrakech.nl\/?page_id=5428"},"modified":"2022-11-24T20:33:31","modified_gmt":"2022-11-24T20:33:31","slug":"prive-reizen","status":"publish","type":"page","link":"https:\/\/mistermarrakech.nl\/fr\/fetes-privees\/","title":{"rendered":"Voyages priv\u00e9s"},"content":{"rendered":"<div data-elementor-type=\"wp-page\" data-elementor-id=\"5428\" class=\"elementor elementor-5428\" data-elementor-post-type=\"page\">\n\t\t\t\t\t\t<section class=\"elementor-section elementor-top-section elementor-element elementor-element-389e3432 elementor-section-height-min-height elementor-section-boxed elementor-section-height-default elementor-section-items-middle\" data-id=\"389e3432\" data-element_type=\"section\" data-settings=\"{&quot;background_background&quot;:&quot;classic&quot;}\">\n\t\t\t\t\t\t\t<div class=\"elementor-background-overlay\"><\/div>\n\t\t\t\t\t\t\t<div class=\"elementor-container elementor-column-gap-default\">\n\t\t\t\t\t<div class=\"elementor-column elementor-col-100 elementor-top-column elementor-element elementor-element-79523006\" data-id=\"79523006\" data-element_type=\"column\">\n\t\t\t<div class=\"elementor-widget-wrap elementor-element-populated\">\n\t\t\t\t\t\t<div class=\"elementor-element elementor-element-50a5d389 elementor-invisible elementor-widget elementor-widget-heading\" data-id=\"50a5d389\" data-element_type=\"widget\" data-settings=\"{&quot;_animation&quot;:&quot;fadeIn&quot;,&quot;_animation_delay&quot;:500}\" data-widget_type=\"heading.default\">\n\t\t\t\t<div class=\"elementor-widget-container\">\n\t\t\t\t\t<h1 class=\"elementor-heading-title elementor-size-default\">Voyage priv\u00e9 sur mesure<\/h1>\t\t\t\t<\/div>\n\t\t\t\t<\/div>\n\t\t\t\t<div class=\"elementor-element elementor-element-70ca0773 animated-slow elementor-invisible elementor-widget elementor-widget-heading\" data-id=\"70ca0773\" data-element_type=\"widget\" data-settings=\"{&quot;_animation&quot;:&quot;fadeIn&quot;,&quot;_animation_delay&quot;:1500}\" data-widget_type=\"heading.default\">\n\t\t\t\t<div class=\"elementor-widget-container\">\n\t\t\t\t\t<span class=\"elementor-heading-title elementor-size-default\">avec un accompagnement personnel<\/span>\t\t\t\t<\/div>\n\t\t\t\t<\/div>\n\t\t\t\t\t<\/div>\n\t\t<\/div>\n\t\t\t\t\t<\/div>\n\t\t<\/section>\n\t\t\t\t<section class=\"elementor-section elementor-top-section elementor-element elementor-element-56b817b elementor-section-boxed elementor-section-height-default elementor-section-height-default\" data-id=\"56b817b\" data-element_type=\"section\" data-settings=\"{&quot;background_background&quot;:&quot;classic&quot;}\">\n\t\t\t\t\t\t<div class=\"elementor-container elementor-column-gap-default\">\n\t\t\t\t\t<div class=\"elementor-column elementor-col-100 elementor-top-column elementor-element elementor-element-22bbad91\" data-id=\"22bbad91\" data-element_type=\"column\">\n\t\t\t<div class=\"elementor-widget-wrap elementor-element-populated\">\n\t\t\t\t\t\t<div class=\"elementor-element elementor-element-4aab4baa elementor-widget elementor-widget-heading\" data-id=\"4aab4baa\" data-element_type=\"widget\" data-widget_type=\"heading.default\">\n\t\t\t\t<div class=\"elementor-widget-container\">\n\t\t\t\t\t<h2 class=\"elementor-heading-title elementor-size-default\">Voyages priv\u00e9s<\/h2>\t\t\t\t<\/div>\n\t\t\t\t<\/div>\n\t\t\t\t<div class=\"elementor-element elementor-element-304ba52c elementor-widget elementor-widget-heading\" data-id=\"304ba52c\" data-element_type=\"widget\" data-widget_type=\"heading.default\">\n\t\t\t\t<div class=\"elementor-widget-container\">\n\t\t\t\t\t<h3 class=\"elementor-heading-title elementor-size-default\">D\u00e9couvrir Marrakech en compagnie de vos amis ou en famille<\/h3>\t\t\t\t<\/div>\n\t\t\t\t<\/div>\n\t\t\t\t<div class=\"elementor-element elementor-element-349e18 elementor-widget elementor-widget-text-editor\" data-id=\"349e18\" data-element_type=\"widget\" data-widget_type=\"text-editor.default\">\n\t\t\t\t<div class=\"elementor-widget-container\">\n\t\t\t\t\t\t\t\t\t<p style=\"text-align: center;\">C\u00e9l\u00e9brer un anniversaire, une lune de miel ou un anniversaire ? M. Marrakech est ravi de s\u2019occuper de votre s\u00e9jour dans ses moindres d\u00e9tails. Et parce qu'il conna\u00eet \u00ab sa \u00bb ville mythique comme sa poche, son r\u00e9pertoire contient les plus beaux endroits, atmosph\u00e9riques et parfois surprenants, pour ainsi dire \u00ab inconnus \u00bb. Les voyages de M. Marrakech se caract\u00e9risent par leur ambiance conviviale, activit\u00e9s surprenantes et guide professionnel - M. Marrakech lui-m\u00eame, bien s\u00fbr - qui est toujours l\u00e0 pour vous.\u00a0 \u00a0 \u00a0 \u00a0<span style=\"color: var( --e-global-color-text ); font-family: var( --e-global-typography-text-font-family ), Arial; font-size: var( --e-global-typography-text-font-size ); font-weight: var( --e-global-typography-text-font-weight ); background-color: var( --e-global-color-d565ab7 );\">.<\/span><\/p><p style=\"text-align: center;\">Avec M. Marrakech, vous \u00eates assur\u00e9 de vivre Marrakech comme dans un conte de f\u00e9es des 1001 nuits. S\u00e9journer dans un riad romantique, un h\u00f4tel cinq \u00e9toiles ou dormir \u00e0 la belle \u00e9toile ; un d\u00eener dans une luxueuse tente nomade, au milieu du d\u00e9sert ; admirer le coucher de soleil depuis un toit-terrasse sur la c\u00e9l\u00e8bre place Jemaa El Fna\u2026 \n\nPour votre lune de miel, votre anniversaire de mariage ou vos vacances de r\u00eave, M. Marrakech \u00ab est \u00bb un enchanteur de King City, tous les ingr\u00e9dients d\u2019un voyage unique sont garantis. Le plus beau, le plus sp\u00e9cial, bref inoubliable voyage de c\u00e9l\u00e9bration de  votre mariage est sp\u00e9cialement con\u00e7u pour vous. \n \nAu bas de la page d'accueil (sous commentaires), vous pouvez lire les commentaires satisfaits des pr\u00e9c\u00e9dents participants.<\/p>\t\t\t\t\t\t\t\t<\/div>\n\t\t\t\t<\/div>\n\t\t\t\t<div class=\"elementor-element elementor-element-11b10389 elementor-widget elementor-widget-text-editor\" data-id=\"11b10389\" data-element_type=\"widget\" data-widget_type=\"text-editor.default\">\n\t\t\t\t<div class=\"elementor-widget-container\">\n\t\t\t\t\t\t\t\t\t<p style=\"text-align: center;\"><span style=\"color: #e1986d;\">\u25c6<\/span><br \/>Anniversaire<br \/><span style=\"color: #e1986d;\">\u25c6<\/span><br \/>C\u00e9l\u00e9bration<br \/><span style=\"color: #e1986d;\">\u25c6<\/span><br \/>Groupe d'amis<br \/><span style=\"color: #e1986d;\">\u25c6<\/span><br \/>Week-end en famille<\/p>\t\t\t\t\t\t\t\t<\/div>\n\t\t\t\t<\/div>\n\t\t\t\t\t<\/div>\n\t\t<\/div>\n\t\t\t\t\t<\/div>\n\t\t<\/section>\n\t\t\t\t<section class=\"elementor-section elementor-top-section elementor-element elementor-element-2b21a3f elementor-section-full_width elementor-section-height-default elementor-section-height-default\" data-id=\"2b21a3f\" data-element_type=\"section\">\n\t\t\t\t\t\t<div class=\"elementor-container elementor-column-gap-no\">\n\t\t\t\t\t<div class=\"elementor-column elementor-col-100 elementor-top-column elementor-element elementor-element-32ee841e\" data-id=\"32ee841e\" data-element_type=\"column\">\n\t\t\t<div class=\"elementor-widget-wrap elementor-element-populated\">\n\t\t\t\t\t\t<div class=\"elementor-element elementor-element-ff8e84c elementor-widget elementor-widget-image\" data-id=\"ff8e84c\" data-element_type=\"widget\" data-widget_type=\"image.default\">\n\t\t\t\t<div class=\"elementor-widget-container\">\n\t\t\t\t\t\t\t\t\t\t\t\t\t\t\t<img fetchpriority=\"high\" decoding=\"async\" width=\"2000\" height=\"745\" src=\"https:\/\/mistermarrakech.nl\/wp-content\/uploads\/2022\/09\/Kamelentour-PalmbosExcursies-1-e1662385118221.jpg\" class=\"attachment-2048x2048 size-2048x2048 wp-image-7036\" alt=\"Priv\u00e9 reizen Met vrienden of familie Marrakech ontdekken\" srcset=\"https:\/\/mistermarrakech.nl\/wp-content\/uploads\/2022\/09\/Kamelentour-PalmbosExcursies-1-e1662385118221.jpg 2000w, https:\/\/mistermarrakech.nl\/wp-content\/uploads\/2022\/09\/Kamelentour-PalmbosExcursies-1-e1662385118221-300x112.jpg 300w, https:\/\/mistermarrakech.nl\/wp-content\/uploads\/2022\/09\/Kamelentour-PalmbosExcursies-1-e1662385118221-1024x381.jpg 1024w, https:\/\/mistermarrakech.nl\/wp-content\/uploads\/2022\/09\/Kamelentour-PalmbosExcursies-1-e1662385118221-768x286.jpg 768w, https:\/\/mistermarrakech.nl\/wp-content\/uploads\/2022\/09\/Kamelentour-PalmbosExcursies-1-e1662385118221-1536x572.jpg 1536w, https:\/\/mistermarrakech.nl\/wp-content\/uploads\/2022\/09\/Kamelentour-PalmbosExcursies-1-e1662385118221-18x7.jpg 18w\" sizes=\"(max-width: 2000px) 100vw, 2000px\" \/>\t\t\t\t\t\t\t\t\t\t\t\t\t\t\t<\/div>\n\t\t\t\t<\/div>\n\t\t\t\t\t<\/div>\n\t\t<\/div>\n\t\t\t\t\t<\/div>\n\t\t<\/section>\n\t\t\t\t<\/div>","protected":false},"excerpt":{"rendered":"<p>Priv\u00e9 reizen op maat met persoonlijke begeleiding Priv\u00e9 reizen Samen met vrienden of familie Marrakech ontdekken Een verjaardag, huwelijksreis of jubileum te vieren? Ook dat verzorgt Mr. Marrakech graag tot in de puntjes voor u. En omdat hij \u201czijn\u201d legendarische stad natuurlijk op z\u2019n duimpje kent, bevat zijn repertoire de mooiste, meest sfeervolle en soms [&hellip;]<\/p>","protected":false},"author":1,"featured_media":0,"parent":0,"menu_order":0,"comment_status":"closed","ping_status":"closed","template":"","meta":{"footnotes":""},"class_list":["post-5428","page","type-page","status-publish","hentry"],"_links":{"self":[{"href":"https:\/\/mistermarrakech.nl\/fr\/wp-json\/wp\/v2\/pages\/5428","targetHints":{"allow":["GET"]}}],"collection":[{"href":"https:\/\/mistermarrakech.nl\/fr\/wp-json\/wp\/v2\/pages"}],"about":[{"href":"https:\/\/mistermarrakech.nl\/fr\/wp-json\/wp\/v2\/types\/page"}],"author":[{"embeddable":true,"href":"https:\/\/mistermarrakech.nl\/fr\/wp-json\/wp\/v2\/users\/1"}],"replies":[{"embeddable":true,"href":"https:\/\/mistermarrakech.nl\/fr\/wp-json\/wp\/v2\/comments?post=5428"}],"version-history":[{"count":0,"href":"https:\/\/mistermarrakech.nl\/fr\/wp-json\/wp\/v2\/pages\/5428\/revisions"}],"wp:attachment":[{"href":"https:\/\/mistermarrakech.nl\/fr\/wp-json\/wp\/v2\/media?parent=5428"}],"curies":[{"name":"wp","href":"https:\/\/api.w.org\/{rel}","templated":true}]}}