{"id":5414,"date":"2019-09-12T07:14:50","date_gmt":"2019-09-12T07:14:50","guid":{"rendered":"http:\/\/mistermarrakech.nl\/?page_id=5414"},"modified":"2021-01-23T12:35:02","modified_gmt":"2021-01-23T12:35:02","slug":"singlereizen","status":"publish","type":"page","link":"https:\/\/mistermarrakech.nl\/fr\/voyage-celibataires\/","title":{"rendered":"C\u00e9libataires"},"content":{"rendered":"<div data-elementor-type=\"wp-page\" data-elementor-id=\"5414\" class=\"elementor elementor-5414\" data-elementor-post-type=\"page\">\n\t\t\t\t\t\t<section class=\"elementor-section elementor-top-section elementor-element elementor-element-5bd6247 elementor-section-boxed elementor-section-height-default elementor-section-height-default\" data-id=\"5bd6247\" data-element_type=\"section\">\n\t\t\t\t\t\t<div class=\"elementor-container elementor-column-gap-default\">\n\t\t\t\t\t<div class=\"elementor-column elementor-col-100 elementor-top-column elementor-element elementor-element-5f7dde3\" data-id=\"5f7dde3\" data-element_type=\"column\">\n\t\t\t<div class=\"elementor-widget-wrap elementor-element-populated\">\n\t\t\t\t\t\t<section class=\"elementor-section elementor-inner-section elementor-element elementor-element-4f7f4a9 elementor-section-boxed elementor-section-height-default elementor-section-height-default\" data-id=\"4f7f4a9\" data-element_type=\"section\">\n\t\t\t\t\t\t<div class=\"elementor-container elementor-column-gap-default\">\n\t\t\t\t\t<div class=\"elementor-column elementor-col-50 elementor-inner-column elementor-element elementor-element-2c9415f\" data-id=\"2c9415f\" data-element_type=\"column\">\n\t\t\t<div class=\"elementor-widget-wrap elementor-element-populated\">\n\t\t\t\t\t\t<div class=\"elementor-element elementor-element-891f885 elementor-widget elementor-widget-spacer\" data-id=\"891f885\" data-element_type=\"widget\" data-widget_type=\"spacer.default\">\n\t\t\t\t<div class=\"elementor-widget-container\">\n\t\t\t\t\t\t\t<div class=\"elementor-spacer\">\n\t\t\t<div class=\"elementor-spacer-inner\"><\/div>\n\t\t<\/div>\n\t\t\t\t\t\t<\/div>\n\t\t\t\t<\/div>\n\t\t\t\t<div class=\"elementor-element elementor-element-8b4e2b1 elementor-widget elementor-widget-heading\" data-id=\"8b4e2b1\" data-element_type=\"widget\" data-widget_type=\"heading.default\">\n\t\t\t\t<div class=\"elementor-widget-container\">\n\t\t\t\t\t<h5 class=\"elementor-heading-title elementor-size-default\"><b>C\u00e9libataires<\/b><\/h5>\t\t\t\t<\/div>\n\t\t\t\t<\/div>\n\t\t\t\t\t<\/div>\n\t\t<\/div>\n\t\t\t\t<div class=\"elementor-column elementor-col-50 elementor-inner-column elementor-element elementor-element-2f12333\" data-id=\"2f12333\" data-element_type=\"column\">\n\t\t\t<div class=\"elementor-widget-wrap\">\n\t\t\t\t\t\t\t<\/div>\n\t\t<\/div>\n\t\t\t\t\t<\/div>\n\t\t<\/section>\n\t\t\t\t\t<\/div>\n\t\t<\/div>\n\t\t\t\t\t<\/div>\n\t\t<\/section>\n\t\t\t\t<section class=\"elementor-section elementor-top-section elementor-element elementor-element-1fe8a16 elementor-section-boxed elementor-section-height-default elementor-section-height-default\" data-id=\"1fe8a16\" data-element_type=\"section\">\n\t\t\t\t\t\t<div class=\"elementor-container elementor-column-gap-default\">\n\t\t\t\t\t<div class=\"elementor-column elementor-col-100 elementor-top-column elementor-element elementor-element-f4638b4\" data-id=\"f4638b4\" data-element_type=\"column\">\n\t\t\t<div class=\"elementor-widget-wrap elementor-element-populated\">\n\t\t\t\t\t\t<section class=\"elementor-section elementor-inner-section elementor-element elementor-element-58f776f elementor-section-boxed elementor-section-height-default elementor-section-height-default\" data-id=\"58f776f\" data-element_type=\"section\">\n\t\t\t\t\t\t<div class=\"elementor-container elementor-column-gap-default\">\n\t\t\t\t\t<div class=\"elementor-column elementor-col-50 elementor-inner-column elementor-element elementor-element-83938dd\" data-id=\"83938dd\" data-element_type=\"column\">\n\t\t\t<div class=\"elementor-widget-wrap elementor-element-populated\">\n\t\t\t\t\t\t<div class=\"elementor-element elementor-element-59de042 elementor-widget elementor-widget-image\" data-id=\"59de042\" data-element_type=\"widget\" data-widget_type=\"image.default\">\n\t\t\t\t<div class=\"elementor-widget-container\">\n\t\t\t\t\t\t\t\t\t\t\t\t\t\t\t<img fetchpriority=\"high\" decoding=\"async\" width=\"800\" height=\"600\" src=\"https:\/\/mistermarrakech.nl\/wp-content\/uploads\/2021\/01\/foto-riad-1024x768.jpg\" class=\"attachment-large size-large wp-image-6354\" alt=\"\" srcset=\"https:\/\/mistermarrakech.nl\/wp-content\/uploads\/2021\/01\/foto-riad-1024x768.jpg 1024w, https:\/\/mistermarrakech.nl\/wp-content\/uploads\/2021\/01\/foto-riad-300x225.jpg 300w, https:\/\/mistermarrakech.nl\/wp-content\/uploads\/2021\/01\/foto-riad-768x576.jpg 768w, https:\/\/mistermarrakech.nl\/wp-content\/uploads\/2021\/01\/foto-riad.jpg 2000w\" sizes=\"(max-width: 800px) 100vw, 800px\" \/>\t\t\t\t\t\t\t\t\t\t\t\t\t\t\t<\/div>\n\t\t\t\t<\/div>\n\t\t\t\t\t<\/div>\n\t\t<\/div>\n\t\t\t\t<div class=\"elementor-column elementor-col-50 elementor-inner-column elementor-element elementor-element-d4831f8\" data-id=\"d4831f8\" data-element_type=\"column\">\n\t\t\t<div class=\"elementor-widget-wrap elementor-element-populated\">\n\t\t\t\t\t\t<div class=\"elementor-element elementor-element-a92eb73 animated-slow elementor-invisible elementor-widget elementor-widget-text-editor\" data-id=\"a92eb73\" data-element_type=\"widget\" data-settings=\"{&quot;_animation&quot;:&quot;fadeInRight&quot;,&quot;_animation_delay&quot;:750}\" data-widget_type=\"text-editor.default\">\n\t\t\t\t<div class=\"elementor-widget-container\">\n\t\t\t\t\t\t\t\t\t<p>Vous \u00eates c\u00e9libataire, mais avez parfois besoin d\u2019une \u201ccaisse de r\u00e9sonance\u201d ? Ou peut-\u00eatre avez-vous perdu votre partenaire, mais \u00eates encore plein(e) de vie\u00a0? Si vous \u00eates dans ce cas, ces vacances d\u00e9tendues pour c\u00e9libataires sont exactement ce qu\u2019il vous faut ! Les voyages pour c\u00e9libataires de Mr. Marrakech se caract\u00e9risent par l\u2019ambiance amicale, les activit\u00e9s sympas et par un service professionnel de guide touristique \u2013 Mr. Marrakech himself, naturellement \u2013 qui est toujours \u00e0 votre service. Les groupes ne sont pas trop grands (maximum 20 \u00e0 24 personnes), pour des voyages \u00e0 taille humaine. Si ce concept vous pla\u00eet, je vous invite \u00e0 rejoindre l\u2019un de mes superbes voyages pour c\u00e9libataires.<\/p>\t\t\t\t\t\t\t\t<\/div>\n\t\t\t\t<\/div>\n\t\t\t\t\t<\/div>\n\t\t<\/div>\n\t\t\t\t\t<\/div>\n\t\t<\/section>\n\t\t\t\t\t<\/div>\n\t\t<\/div>\n\t\t\t\t\t<\/div>\n\t\t<\/section>\n\t\t\t\t<section class=\"elementor-section elementor-top-section elementor-element elementor-element-63bf1fbe elementor-section-boxed elementor-section-height-default elementor-section-height-default\" data-id=\"63bf1fbe\" data-element_type=\"section\">\n\t\t\t\t\t\t<div class=\"elementor-container elementor-column-gap-default\">\n\t\t\t\t\t<div class=\"elementor-column elementor-col-100 elementor-top-column elementor-element elementor-element-3f670411\" data-id=\"3f670411\" data-element_type=\"column\">\n\t\t\t<div class=\"elementor-widget-wrap elementor-element-populated\">\n\t\t\t\t\t\t<div class=\"elementor-element elementor-element-5b62487f elementor-widget-divider--view-line elementor-widget elementor-widget-divider\" data-id=\"5b62487f\" data-element_type=\"widget\" data-widget_type=\"divider.default\">\n\t\t\t\t<div class=\"elementor-widget-container\">\n\t\t\t\t\t\t\t<div class=\"elementor-divider\">\n\t\t\t<span class=\"elementor-divider-separator\">\n\t\t\t\t\t\t<\/span>\n\t\t<\/div>\n\t\t\t\t\t\t<\/div>\n\t\t\t\t<\/div>\n\t\t\t\t\t<\/div>\n\t\t<\/div>\n\t\t\t\t\t<\/div>\n\t\t<\/section>\n\t\t\t\t<section class=\"elementor-section elementor-top-section elementor-element elementor-element-be4225d elementor-section-boxed elementor-section-height-default elementor-section-height-default\" data-id=\"be4225d\" data-element_type=\"section\">\n\t\t\t\t\t\t<div class=\"elementor-container elementor-column-gap-default\">\n\t\t\t\t\t<div class=\"elementor-column elementor-col-100 elementor-top-column elementor-element elementor-element-9a8363b\" data-id=\"9a8363b\" data-element_type=\"column\">\n\t\t\t<div class=\"elementor-widget-wrap elementor-element-populated\">\n\t\t\t\t\t\t<section class=\"elementor-section elementor-inner-section elementor-element elementor-element-5fc16ef elementor-section-boxed elementor-section-height-default elementor-section-height-default\" data-id=\"5fc16ef\" data-element_type=\"section\">\n\t\t\t\t\t\t<div class=\"elementor-container elementor-column-gap-default\">\n\t\t\t\t\t<div class=\"elementor-column elementor-col-50 elementor-inner-column elementor-element elementor-element-42cd924\" data-id=\"42cd924\" data-element_type=\"column\">\n\t\t\t<div class=\"elementor-widget-wrap elementor-element-populated\">\n\t\t\t\t\t\t<div class=\"elementor-element elementor-element-4928c0e animated-slow elementor-invisible elementor-widget elementor-widget-text-editor\" data-id=\"4928c0e\" data-element_type=\"widget\" data-settings=\"{&quot;_animation&quot;:&quot;fadeInLeft&quot;,&quot;_animation_delay&quot;:900}\" data-widget_type=\"text-editor.default\">\n\t\t\t\t<div class=\"elementor-widget-container\">\n\t\t\t\t\t\t\t\t\t<p>Pendant ce voyage de groupe s\u00e9lectionn\u00e9, vous d\u00e9couvrirez non seulement la culture inimitable de la Ville imp\u00e9riale Marrakech, mais ferez naturellement aussi la connaissance des autres participants. Que ce soit pendant l\u2019une des activit\u00e9s du programme que vous avez choisi ou pendant les moments de d\u00e9tente que vous pouvez vous accorder comme bon vous semble \u2013 par exemple au bord de la piscine ou en vous baladant dans une palmeraie. Mais vous pouvez naturellement aussi choisir parmi toute une s\u00e9rie d\u2019activit\u00e9s, parmi lesquelles\u00a0: un cours de cuisine pour une pr\u00e9paration authentique du tajine, pr\u00e9c\u00e9d\u00e9 d\u2019une visite du march\u00e9 aux \u00e9pices pour faire du shopping, pour terminer enfin par le repas pr\u00e9par\u00e9 par vos soins. Un jeu de puzzle en \u00e9quipe du genre \u00ab\u00a0Devinez qui est la Taupe\u00a0\u00bb. Une randonn\u00e9e \u00e0 dos de chameau dans les montagnes de l\u2019Atlas, avec une nuit\u00e9e dans le d\u00e9sert. Un cours de poterie donn\u00e9 par un c\u00e9ramiste marocain. La visite d\u2019un hammam (oui, avec des espaces H\/F s\u00e9par\u00e9s). Une d\u00e9gustation de vins. Une balade dans le march\u00e9 nocturne exotique de Jamaa el Fnaa et du divertissement dans un bar musical anim\u00e9.<\/p>\t\t\t\t\t\t\t\t<\/div>\n\t\t\t\t<\/div>\n\t\t\t\t<div class=\"elementor-element elementor-element-288d5af elementor-align-left animated-slow elementor-invisible elementor-widget elementor-widget-button\" data-id=\"288d5af\" data-element_type=\"widget\" data-settings=\"{&quot;_animation&quot;:&quot;fadeInUp&quot;}\" data-widget_type=\"button.default\">\n\t\t\t\t<div class=\"elementor-widget-container\">\n\t\t\t\t\t\t\t\t\t<div class=\"elementor-button-wrapper\">\n\t\t\t\t\t<a class=\"elementor-button elementor-button-link elementor-size-sm\" href=\"https:\/\/mistermarrakech.nl\/fr\/contact\/\">\n\t\t\t\t\t\t<span class=\"elementor-button-content-wrapper\">\n\t\t\t\t\t\t\t\t\t<span class=\"elementor-button-text\">Contactez-moi<\/span>\n\t\t\t\t\t<\/span>\n\t\t\t\t\t<\/a>\n\t\t\t\t<\/div>\n\t\t\t\t\t\t\t\t<\/div>\n\t\t\t\t<\/div>\n\t\t\t\t\t<\/div>\n\t\t<\/div>\n\t\t\t\t<div class=\"elementor-column elementor-col-50 elementor-inner-column elementor-element elementor-element-7d51d00\" data-id=\"7d51d00\" data-element_type=\"column\">\n\t\t\t<div class=\"elementor-widget-wrap elementor-element-populated\">\n\t\t\t\t\t\t<div class=\"elementor-element elementor-element-4caabcf elementor-widget elementor-widget-image\" data-id=\"4caabcf\" data-element_type=\"widget\" data-widget_type=\"image.default\">\n\t\t\t\t<div class=\"elementor-widget-container\">\n\t\t\t\t\t\t\t\t\t\t\t\t\t\t\t<img decoding=\"async\" src=\"https:\/\/mistermarrakech.nl\/wp-content\/uploads\/elementor\/thumbs\/marrakech-4409002_1920-ofe9jwxgi1ljb9i8nkw3rg2njk896072zxmh3z5ibc.jpg\" title=\"marrakech-4409002_1920\" alt=\"marrakech-4409002_1920\" loading=\"lazy\" \/>\t\t\t\t\t\t\t\t\t\t\t\t\t\t\t<\/div>\n\t\t\t\t<\/div>\n\t\t\t\t\t<\/div>\n\t\t<\/div>\n\t\t\t\t\t<\/div>\n\t\t<\/section>\n\t\t\t\t\t<\/div>\n\t\t<\/div>\n\t\t\t\t\t<\/div>\n\t\t<\/section>\n\t\t\t\t<section class=\"elementor-section elementor-top-section elementor-element elementor-element-5ffb0598 elementor-section-boxed elementor-section-height-default elementor-section-height-default\" data-id=\"5ffb0598\" data-element_type=\"section\">\n\t\t\t\t\t\t<div class=\"elementor-container elementor-column-gap-default\">\n\t\t\t\t\t<div class=\"elementor-column elementor-col-100 elementor-top-column elementor-element elementor-element-92670d7\" data-id=\"92670d7\" data-element_type=\"column\">\n\t\t\t<div class=\"elementor-widget-wrap elementor-element-populated\">\n\t\t\t\t\t\t<div class=\"elementor-element elementor-element-1affc0ca elementor-widget-divider--view-line elementor-widget elementor-widget-divider\" data-id=\"1affc0ca\" data-element_type=\"widget\" data-widget_type=\"divider.default\">\n\t\t\t\t<div class=\"elementor-widget-container\">\n\t\t\t\t\t\t\t<div class=\"elementor-divider\">\n\t\t\t<span class=\"elementor-divider-separator\">\n\t\t\t\t\t\t<\/span>\n\t\t<\/div>\n\t\t\t\t\t\t<\/div>\n\t\t\t\t<\/div>\n\t\t\t\t\t<\/div>\n\t\t<\/div>\n\t\t\t\t\t<\/div>\n\t\t<\/section>\n\t\t\t\t<section class=\"elementor-section elementor-top-section elementor-element elementor-element-47ec4c96 elementor-section-boxed elementor-section-height-default elementor-section-height-default\" data-id=\"47ec4c96\" data-element_type=\"section\">\n\t\t\t\t\t\t<div class=\"elementor-container elementor-column-gap-default\">\n\t\t\t\t\t<div class=\"elementor-column elementor-col-100 elementor-top-column elementor-element elementor-element-34e7cb8\" data-id=\"34e7cb8\" data-element_type=\"column\">\n\t\t\t<div class=\"elementor-widget-wrap elementor-element-populated\">\n\t\t\t\t\t\t<div class=\"elementor-element elementor-element-f285c9e elementor-arrows-position-inside elementor-pagination-position-outside elementor-widget elementor-widget-image-carousel\" data-id=\"f285c9e\" data-element_type=\"widget\" data-settings=\"{&quot;slides_to_show&quot;:&quot;3&quot;,&quot;slides_to_scroll&quot;:&quot;1&quot;,&quot;navigation&quot;:&quot;both&quot;,&quot;autoplay&quot;:&quot;yes&quot;,&quot;pause_on_hover&quot;:&quot;yes&quot;,&quot;pause_on_interaction&quot;:&quot;yes&quot;,&quot;autoplay_speed&quot;:5000,&quot;infinite&quot;:&quot;yes&quot;,&quot;speed&quot;:500}\" data-widget_type=\"image-carousel.default\">\n\t\t\t\t<div class=\"elementor-widget-container\">\n\t\t\t\t\t\t\t<div class=\"elementor-image-carousel-wrapper swiper\" role=\"region\" aria-roledescription=\"carousel\" aria-label=\"Carrousel d\u2019images\" dir=\"ltr\">\n\t\t\t<div class=\"elementor-image-carousel swiper-wrapper\" aria-live=\"off\">\n\t\t\t\t\t\t\t\t<div class=\"swiper-slide\" role=\"group\" aria-roledescription=\"slide\" aria-label=\"1 sur 5\"><figure class=\"swiper-slide-inner\"><img decoding=\"async\" class=\"swiper-slide-image\" src=\"https:\/\/mistermarrakech.nl\/wp-content\/uploads\/elementor\/thumbs\/28-ofe9m122jrrya3rn21dfko48pfue8r9a8zotfobeb0.jpg\" alt=\"28\" \/><\/figure><\/div><div class=\"swiper-slide\" role=\"group\" aria-roledescription=\"slide\" aria-label=\"2 sur 5\"><figure class=\"swiper-slide-inner\"><img decoding=\"async\" class=\"swiper-slide-image\" src=\"https:\/\/mistermarrakech.nl\/wp-content\/uploads\/elementor\/thumbs\/24-ofe9lsliu9gddm3xffpsg893cz03bhbp7ttg46nxv0.jpg\" alt=\"24\" \/><\/figure><\/div><div class=\"swiper-slide\" role=\"group\" aria-roledescription=\"slide\" aria-label=\"3 sur 5\"><figure class=\"swiper-slide-inner\"><img decoding=\"async\" class=\"swiper-slide-image\" src=\"https:\/\/mistermarrakech.nl\/wp-content\/uploads\/elementor\/thumbs\/panoramic-3311052_1920-ofe9k4fuov60qkjb6ppo0nflcb8lmuovnk2deh54x8.jpg\" alt=\"panoramic-3311052_1920\" \/><\/figure><\/div><div class=\"swiper-slide\" role=\"group\" aria-roledescription=\"slide\" aria-label=\"4 sur 5\"><figure class=\"swiper-slide-inner\"><img decoding=\"async\" class=\"swiper-slide-image\" src=\"https:\/\/mistermarrakech.nl\/wp-content\/uploads\/elementor\/thumbs\/marrakech-4409002_1920-ofe9jwx566vq5ou8emgngpbwl89nx9v0yiuhk9gab0.jpg\" alt=\"marrakech-4409002_1920\" \/><\/figure><\/div><div class=\"swiper-slide\" role=\"group\" aria-roledescription=\"slide\" aria-label=\"5 sur 5\"><figure class=\"swiper-slide-inner\"><img decoding=\"async\" class=\"swiper-slide-image\" src=\"https:\/\/mistermarrakech.nl\/wp-content\/uploads\/elementor\/thumbs\/foto-tanjine-p0yhkwj2bahq7dijmo4fje8tjqaxbnjbdxbpezhbu4.jpg\" alt=\"foto tanjine\" \/><\/figure><\/div>\t\t\t<\/div>\n\t\t\t\t\t\t\t\t\t\t\t\t<div class=\"elementor-swiper-button elementor-swiper-button-prev\" role=\"button\" tabindex=\"0\">\n\t\t\t\t\t\t<i aria-hidden=\"true\" class=\"eicon-chevron-left\"><\/i>\t\t\t\t\t<\/div>\n\t\t\t\t\t<div class=\"elementor-swiper-button elementor-swiper-button-next\" role=\"button\" tabindex=\"0\">\n\t\t\t\t\t\t<i aria-hidden=\"true\" class=\"eicon-chevron-right\"><\/i>\t\t\t\t\t<\/div>\n\t\t\t\t\n\t\t\t\t\t\t\t\t\t<div class=\"swiper-pagination\"><\/div>\n\t\t\t\t\t\t\t\t\t<\/div>\n\t\t\t\t\t\t<\/div>\n\t\t\t\t<\/div>\n\t\t\t\t\t<\/div>\n\t\t<\/div>\n\t\t\t\t\t<\/div>\n\t\t<\/section>\n\t\t\t\t<\/div>","protected":false},"excerpt":{"rendered":"<p>Singles Ben je single maar mis je soms een klankbord? Of heb je je partner verloren maar zit je nog vol levenslust? Dan is zo\u2019n relaxte singlesvakantie geknipt voor jou! De singlesreizen van Mr. Marrakech kenmerken zich door\u00a0 de gemoedelijke sfeer, de leuke activiteiten en professionele reisleiding \u2013 Mr. Marrakech himself natuurlijk \u2013 die altijd [&hellip;]<\/p>","protected":false},"author":1,"featured_media":0,"parent":0,"menu_order":0,"comment_status":"closed","ping_status":"closed","template":"","meta":{"footnotes":""},"class_list":["post-5414","page","type-page","status-publish","hentry"],"_links":{"self":[{"href":"https:\/\/mistermarrakech.nl\/fr\/wp-json\/wp\/v2\/pages\/5414","targetHints":{"allow":["GET"]}}],"collection":[{"href":"https:\/\/mistermarrakech.nl\/fr\/wp-json\/wp\/v2\/pages"}],"about":[{"href":"https:\/\/mistermarrakech.nl\/fr\/wp-json\/wp\/v2\/types\/page"}],"author":[{"embeddable":true,"href":"https:\/\/mistermarrakech.nl\/fr\/wp-json\/wp\/v2\/users\/1"}],"replies":[{"embeddable":true,"href":"https:\/\/mistermarrakech.nl\/fr\/wp-json\/wp\/v2\/comments?post=5414"}],"version-history":[{"count":0,"href":"https:\/\/mistermarrakech.nl\/fr\/wp-json\/wp\/v2\/pages\/5414\/revisions"}],"wp:attachment":[{"href":"https:\/\/mistermarrakech.nl\/fr\/wp-json\/wp\/v2\/media?parent=5414"}],"curies":[{"name":"wp","href":"https:\/\/api.w.org\/{rel}","templated":true}]}}