{"id":5407,"date":"2019-09-11T22:42:29","date_gmt":"2019-09-11T22:42:29","guid":{"rendered":"http:\/\/mistermarrakech.nl\/?page_id=5407"},"modified":"2023-01-09T13:33:28","modified_gmt":"2023-01-09T13:33:28","slug":"zakelijke-reizen","status":"publish","type":"page","link":"https:\/\/mistermarrakech.nl\/fr\/professionnel\/","title":{"rendered":"Voyages d\u2019affaires"},"content":{"rendered":"<div data-elementor-type=\"wp-page\" data-elementor-id=\"5407\" class=\"elementor elementor-5407\" data-elementor-post-type=\"page\">\n\t\t\t\t\t\t<section class=\"elementor-section elementor-top-section elementor-element elementor-element-15d4810f elementor-section-height-min-height elementor-section-boxed elementor-section-height-default elementor-section-items-middle\" data-id=\"15d4810f\" data-element_type=\"section\" data-settings=\"{&quot;background_background&quot;:&quot;classic&quot;}\">\n\t\t\t\t\t\t\t<div class=\"elementor-background-overlay\"><\/div>\n\t\t\t\t\t\t\t<div class=\"elementor-container elementor-column-gap-default\">\n\t\t\t\t\t<div class=\"elementor-column elementor-col-100 elementor-top-column elementor-element elementor-element-100c50e7\" data-id=\"100c50e7\" data-element_type=\"column\">\n\t\t\t<div class=\"elementor-widget-wrap elementor-element-populated\">\n\t\t\t\t\t\t<div class=\"elementor-element elementor-element-405fc9a elementor-invisible elementor-widget elementor-widget-heading\" data-id=\"405fc9a\" data-element_type=\"widget\" data-settings=\"{&quot;_animation&quot;:&quot;fadeIn&quot;,&quot;_animation_delay&quot;:500}\" data-widget_type=\"heading.default\">\n\t\t\t\t<div class=\"elementor-widget-container\">\n\t\t\t\t\t<h1 class=\"elementor-heading-title elementor-size-default\">Voyage d'affairs sur mesure<\/h1>\t\t\t\t<\/div>\n\t\t\t\t<\/div>\n\t\t\t\t<div class=\"elementor-element elementor-element-ec5e64f animated-slow elementor-invisible elementor-widget elementor-widget-heading\" data-id=\"ec5e64f\" data-element_type=\"widget\" data-settings=\"{&quot;_animation&quot;:&quot;fadeIn&quot;,&quot;_animation_delay&quot;:1500}\" data-widget_type=\"heading.default\">\n\t\t\t\t<div class=\"elementor-widget-container\">\n\t\t\t\t\t<span class=\"elementor-heading-title elementor-size-default\">avec un accompagnement personnel<\/span>\t\t\t\t<\/div>\n\t\t\t\t<\/div>\n\t\t\t\t\t<\/div>\n\t\t<\/div>\n\t\t\t\t\t<\/div>\n\t\t<\/section>\n\t\t\t\t<section class=\"elementor-section elementor-top-section elementor-element elementor-element-4a541e48 elementor-section-boxed elementor-section-height-default elementor-section-height-default\" data-id=\"4a541e48\" data-element_type=\"section\" data-settings=\"{&quot;background_background&quot;:&quot;classic&quot;}\">\n\t\t\t\t\t\t<div class=\"elementor-container elementor-column-gap-default\">\n\t\t\t\t\t<div class=\"elementor-column elementor-col-100 elementor-top-column elementor-element elementor-element-59ef8588\" data-id=\"59ef8588\" data-element_type=\"column\">\n\t\t\t<div class=\"elementor-widget-wrap elementor-element-populated\">\n\t\t\t\t\t\t<div class=\"elementor-element elementor-element-1b814919 elementor-widget elementor-widget-heading\" data-id=\"1b814919\" data-element_type=\"widget\" data-widget_type=\"heading.default\">\n\t\t\t\t<div class=\"elementor-widget-container\">\n\t\t\t\t\t<h2 class=\"elementor-heading-title elementor-size-default\">Voyages d\u2019affaires<\/h2>\t\t\t\t<\/div>\n\t\t\t\t<\/div>\n\t\t\t\t<div class=\"elementor-element elementor-element-6875d33d elementor-widget elementor-widget-heading\" data-id=\"6875d33d\" data-element_type=\"widget\" data-widget_type=\"heading.default\">\n\t\t\t\t<div class=\"elementor-widget-container\">\n\t\t\t\t\t<h3 class=\"elementor-heading-title elementor-size-default\">Une nouvelle \u00e9nergie et l\u2019inspiration pour votre entreprise et votre \u00e9quipe<\/h3>\t\t\t\t<\/div>\n\t\t\t\t<\/div>\n\t\t\t\t<div class=\"elementor-element elementor-element-1f1faa4e elementor-widget elementor-widget-text-editor\" data-id=\"1f1faa4e\" data-element_type=\"widget\" data-widget_type=\"text-editor.default\">\n\t\t\t\t<div class=\"elementor-widget-container\">\n\t\t\t\t\t\t\t\t\t<p>Voor een zakelijk verblijf in Marrakech kunt u kiezen uit een waaier van mogelijkheden: van een super-de-luxe vijfsterrenhotel tot een kleinschalige riad (boetiekhotel) of luxe priv\u00e9 villa. Denk verder aan een tocht per jeep of quad (of kameel!) met overnachting in de woestijn, een proeverij van Marokkaanse wijnen, een bezoek aan een authentieke hammam, entertainment c.q. relaxen in de vorm van clubbing, een bezoek aan een muziekcaf\u00e9 of een ronde golfen op \u00e9\u00e9n van de schitterende, onder architectuur aangelegde 18 holes-banen in de omgeving. Begeleiding van foto-, film- en\/of video-opnames in en rond Marrakech, incl. opvang van de crew en regeling van transport. Onderaan de homepage (bij reviews) kunt u de positieve feedback van eerdere tevreden deelnemers lezen.<\/p>\t\t\t\t\t\t\t\t<\/div>\n\t\t\t\t<\/div>\n\t\t\t\t<div class=\"elementor-element elementor-element-5edc7f1 elementor-widget elementor-widget-text-editor\" data-id=\"5edc7f1\" data-element_type=\"widget\" data-widget_type=\"text-editor.default\">\n\t\t\t\t<div class=\"elementor-widget-container\">\n\t\t\t\t\t\t\t\t\t<p style=\"text-align: center;\"><span style=\"color: #e1986d;\">\u25c6<\/span><br \/>C\u00e9l\u00e9bration<\/p><p>Vier het jubileum van uw onderneming met uw medewerkers en\/of relaties met een unieke reis naar\u00a0 \u00a0 \u00a0 \u00a0 \u00a0 \u00a0en <span style=\"color: var( --e-global-color-text ); font-family: var( --e-global-typography-text-font-family ), Arial; font-size: var( --e-global-typography-text-font-size ); font-weight: var( --e-global-typography-text-font-weight ); background-color: var( --e-global-color-d565ab7 );\">door Marrakech. Mister Marrakech garandeert u optimale credits!\u00a0<\/span><\/p><p style=\"text-align: center;\"><span style=\"color: #e1986d;\">\u25c6<\/span><br \/>Voyage du personnel<\/p><p>Met een geheel verzorgde personeelsreis naar Marrakech toont u uw waardering voor uw medewerkers.\u00a0 Die \u2018beloning\u2019 is belangrijk voor motivatie, betrokkenheid en ook op de langer termijn voor beperking van het ziekteverzuim. Een georganiseerde reis naar Marrakech versterkt de onderlinge banden en geeft extra energie voor het behalen van gezamenlijke doelstellingen. Waardering is de aanjager van loyaliteit en prestaties.<\/p><p style=\"text-align: center;\"><br \/><span style=\"color: #e1986d;\">\u25c6<\/span><br \/>S\u00e9minaires<\/p><p style=\"text-align: center;\"><br \/><span style=\"color: #e1986d;\">\u25c6<\/span><br \/>Presentatie\/productlancering<\/p><p style=\"text-align: center;\"><br \/><span style=\"color: #e1986d;\">\u25c6<\/span><br \/>Incentive<\/p>\t\t\t\t\t\t\t\t<\/div>\n\t\t\t\t<\/div>\n\t\t\t\t\t<\/div>\n\t\t<\/div>\n\t\t\t\t\t<\/div>\n\t\t<\/section>\n\t\t\t\t<section class=\"elementor-section elementor-top-section elementor-element elementor-element-f247605 elementor-section-full_width elementor-section-height-default elementor-section-height-default\" data-id=\"f247605\" data-element_type=\"section\">\n\t\t\t\t\t\t<div class=\"elementor-container elementor-column-gap-no\">\n\t\t\t\t\t<div class=\"elementor-column elementor-col-100 elementor-top-column elementor-element elementor-element-b46a503\" data-id=\"b46a503\" data-element_type=\"column\">\n\t\t\t<div class=\"elementor-widget-wrap elementor-element-populated\">\n\t\t\t\t\t\t<div class=\"elementor-element elementor-element-6a0b843 elementor-widget elementor-widget-gallery\" data-id=\"6a0b843\" data-element_type=\"widget\" data-settings=\"{&quot;columns&quot;:3,&quot;columns_tablet&quot;:3,&quot;gap&quot;:{&quot;unit&quot;:&quot;px&quot;,&quot;size&quot;:0,&quot;sizes&quot;:[]},&quot;gap_tablet&quot;:{&quot;unit&quot;:&quot;px&quot;,&quot;size&quot;:0,&quot;sizes&quot;:[]},&quot;gap_mobile&quot;:{&quot;unit&quot;:&quot;px&quot;,&quot;size&quot;:0,&quot;sizes&quot;:[]},&quot;aspect_ratio&quot;:&quot;4:3&quot;,&quot;lazyload&quot;:&quot;yes&quot;,&quot;gallery_layout&quot;:&quot;grid&quot;,&quot;columns_mobile&quot;:1,&quot;link_to&quot;:&quot;file&quot;,&quot;overlay_background&quot;:&quot;yes&quot;,&quot;content_hover_animation&quot;:&quot;fade-in&quot;}\" data-widget_type=\"gallery.default\">\n\t\t\t\t<div class=\"elementor-widget-container\">\n\t\t\t\t\t\t\t<div class=\"elementor-gallery__container\">\n\t\t\t\t\t\t\t<a class=\"e-gallery-item elementor-gallery-item elementor-animated-content\" href=\"https:\/\/mistermarrakech.nl\/wp-content\/uploads\/2022\/09\/fountain-4057318_1920-ofe9k1mitkejmrixx797xls79isgmf2501ccscw1m0.jpg\" data-elementor-open-lightbox=\"yes\" data-elementor-lightbox-slideshow=\"6a0b843\" data-elementor-lightbox-title=\"fountain-4057318_1920-ofe9k1mitkejmrixx797xls79isgmf2501ccscw1m0\" data-e-action-hash=\"#elementor-action%3Aaction%3Dlightbox%26settings%3DeyJpZCI6Njc3MywidXJsIjoiaHR0cHM6XC9cL21pc3Rlcm1hcnJha2VjaC5ubFwvd3AtY29udGVudFwvdXBsb2Fkc1wvMjAyMlwvMDlcL2ZvdW50YWluLTQwNTczMThfMTkyMC1vZmU5azFtaXRrZWptcml4eDc5N3hsczc5aXNnbWYyNTAxY2NzY3cxbTAuanBnIiwic2xpZGVzaG93IjoiNmEwYjg0MyJ9\">\n\t\t\t\t\t<div class=\"e-gallery-image elementor-gallery-item__image\" data-thumbnail=\"https:\/\/mistermarrakech.nl\/wp-content\/uploads\/2022\/09\/fountain-4057318_1920-ofe9k1mitkejmrixx797xls79isgmf2501ccscw1m0-768x768.jpg\" data-width=\"768\" data-height=\"768\" aria-label=\"\" role=\"img\" ><\/div>\n\t\t\t\t\t\t\t\t\t\t\t<div class=\"elementor-gallery-item__overlay\"><\/div>\n\t\t\t\t\t\t\t\t\t\t\t\t\t\t<\/a>\n\t\t\t\t\t\t\t<a class=\"e-gallery-item elementor-gallery-item elementor-animated-content\" href=\"https:\/\/mistermarrakech.nl\/wp-content\/uploads\/2022\/09\/166351983.jpg\" data-elementor-open-lightbox=\"yes\" data-elementor-lightbox-slideshow=\"6a0b843\" data-elementor-lightbox-title=\"166351983\" data-e-action-hash=\"#elementor-action%3Aaction%3Dlightbox%26settings%3DeyJpZCI6NzAwMywidXJsIjoiaHR0cHM6XC9cL21pc3Rlcm1hcnJha2VjaC5ubFwvd3AtY29udGVudFwvdXBsb2Fkc1wvMjAyMlwvMDlcLzE2NjM1MTk4My5qcGciLCJzbGlkZXNob3ciOiI2YTBiODQzIn0%3D\">\n\t\t\t\t\t<div class=\"e-gallery-image elementor-gallery-item__image\" data-thumbnail=\"https:\/\/mistermarrakech.nl\/wp-content\/uploads\/2022\/09\/166351983-768x576.jpg\" data-width=\"768\" data-height=\"576\" aria-label=\"\" role=\"img\" ><\/div>\n\t\t\t\t\t\t\t\t\t\t\t<div class=\"elementor-gallery-item__overlay\"><\/div>\n\t\t\t\t\t\t\t\t\t\t\t\t\t\t<\/a>\n\t\t\t\t\t\t\t<a class=\"e-gallery-item elementor-gallery-item elementor-animated-content\" href=\"https:\/\/mistermarrakech.nl\/wp-content\/uploads\/2022\/09\/IMG_5840pr.jpg\" data-elementor-open-lightbox=\"yes\" data-elementor-lightbox-slideshow=\"6a0b843\" data-elementor-lightbox-title=\"IMG_5840pr\" data-e-action-hash=\"#elementor-action%3Aaction%3Dlightbox%26settings%3DeyJpZCI6Njc3NiwidXJsIjoiaHR0cHM6XC9cL21pc3Rlcm1hcnJha2VjaC5ubFwvd3AtY29udGVudFwvdXBsb2Fkc1wvMjAyMlwvMDlcL0lNR181ODQwcHIuanBnIiwic2xpZGVzaG93IjoiNmEwYjg0MyJ9\">\n\t\t\t\t\t<div class=\"e-gallery-image elementor-gallery-item__image\" data-thumbnail=\"https:\/\/mistermarrakech.nl\/wp-content\/uploads\/2022\/09\/IMG_5840pr-768x581.jpg\" data-width=\"768\" data-height=\"581\" aria-label=\"\" role=\"img\" ><\/div>\n\t\t\t\t\t\t\t\t\t\t\t<div class=\"elementor-gallery-item__overlay\"><\/div>\n\t\t\t\t\t\t\t\t\t\t\t\t\t\t<\/a>\n\t\t\t\t\t<\/div>\n\t\t\t\t\t<\/div>\n\t\t\t\t<\/div>\n\t\t\t\t\t<\/div>\n\t\t<\/div>\n\t\t\t\t\t<\/div>\n\t\t<\/section>\n\t\t\t\t<\/div>","protected":false},"excerpt":{"rendered":"<p>Zakelijke reizen op maat met persoonlijke begeleiding Zakelijke reizen Nieuwe energie en inspiratie voor je bedrijf en team Voor een zakelijk verblijf in Marrakech kunt u kiezen uit een waaier van mogelijkheden: van een super-de-luxe vijfsterrenhotel tot een kleinschalige riad (boetiekhotel) of luxe priv\u00e9 villa. Denk verder aan een tocht per jeep of quad (of [&hellip;]<\/p>","protected":false},"author":1,"featured_media":0,"parent":0,"menu_order":0,"comment_status":"closed","ping_status":"closed","template":"","meta":{"footnotes":""},"class_list":["post-5407","page","type-page","status-publish","hentry"],"_links":{"self":[{"href":"https:\/\/mistermarrakech.nl\/fr\/wp-json\/wp\/v2\/pages\/5407","targetHints":{"allow":["GET"]}}],"collection":[{"href":"https:\/\/mistermarrakech.nl\/fr\/wp-json\/wp\/v2\/pages"}],"about":[{"href":"https:\/\/mistermarrakech.nl\/fr\/wp-json\/wp\/v2\/types\/page"}],"author":[{"embeddable":true,"href":"https:\/\/mistermarrakech.nl\/fr\/wp-json\/wp\/v2\/users\/1"}],"replies":[{"embeddable":true,"href":"https:\/\/mistermarrakech.nl\/fr\/wp-json\/wp\/v2\/comments?post=5407"}],"version-history":[{"count":0,"href":"https:\/\/mistermarrakech.nl\/fr\/wp-json\/wp\/v2\/pages\/5407\/revisions"}],"wp:attachment":[{"href":"https:\/\/mistermarrakech.nl\/fr\/wp-json\/wp\/v2\/media?parent=5407"}],"curies":[{"name":"wp","href":"https:\/\/api.w.org\/{rel}","templated":true}]}}